{"id":349,"date":"2013-12-16T23:15:56","date_gmt":"2013-12-16T23:15:56","guid":{"rendered":"https:\/\/peclab.ing.uc.cl\/?page_id=349"},"modified":"2013-12-30T18:18:32","modified_gmt":"2013-12-30T18:18:32","slug":"student-thesis","status":"publish","type":"page","link":"https:\/\/peclab.ing.uc.cl\/?page_id=349","title":{"rendered":"Student Thesis"},"content":{"rendered":"<p><a name=\"dixonthesis\"><\/a><\/p>\n<h1>DR. JUAN DIXON<\/h1>\n<p><a name=\"dixonprofessionalthesis\"><\/a><\/p>\n<h2><b>Professional<\/b><\/h2>\n<ul>\n<li>2009: Javier Eduardo Pereda Torres, \u201cControl \u00d3ptimo de Motores As\u00edncronos pata Tracci\u00f3n y Gran Miner\u00eda, Mediante Nuevos M\u00e9todos de Conversi\u00f3n de Energ\u00eda\u201d.<\/li>\n<\/ul>\n<ul>\n<li>2008: Felipe Andres Escobar Tapia, \u201cGeneraci\u00f3n E\u00f3lica: Principales Aspectos Asociados al Impacto de Central Canela, Primer Parque E\u00f3lico Conectado al SIC-Chile\u201d.<\/li>\n<\/ul>\n<ul>\n<li>2006: Rodrigo Eduardo Carmi Lahsen, \u201cSistema de Control con DSP para Filtro Activo de Potencia, Utilizando Convertidores Multietapa\u201d.<\/li>\n<\/ul>\n<ul>\n<li>2005: Ian Nakashima Due\u00f1as, \u201cDise\u00f1o e Instalaci\u00f3n de Sistemas Auxiliares para Bater\u00eda de Sodio-Cloruro de N\u00edquel\u201d.<\/li>\n<\/ul>\n<ul>\n<li>2004: Carlos Schwartz Pizarro, \u201cDise\u00f1o y Construcci\u00f3n de Sistema de Control con DSP para Filtro Activo Multietapa\u201d.<\/li>\n<\/ul>\n<ul>\n<li>2004: Javier Ib\u00e1\u00f1ez Vial, \u201cSistema de Monitoreo de Bater\u00edas en Cabina para un Veh\u00edculo de Tracci\u00f3n El\u00e9ctrica\u201d.<\/li>\n<\/ul>\n<ul>\n<li>2003: Felipe Eduardo R\u00edos D\u00edaz, \u201cDise\u00f1o y Construcci\u00f3n de un Inversor Trif\u00e1sico Multinivel\u201d.<\/li>\n<\/ul>\n<ul>\n<li>2003: Alberto Bret\u00f3n, \u201cDise\u00f1o y Construcci\u00f3n de un Inversor Trif\u00e1sico Multinivel de Cuatro Etapas para Compensaci\u00f3n Arm\u00f3nica y de Reactivos\u201d.<\/li>\n<\/ul>\n<ul>\n<li>2003: Jos\u00e9 Luis Opazo Bunster, \u201cDesarrollo y Evaluaci\u00f3n de un Proyecto de Electrificaci\u00f3n Rural con Energ\u00eda Fotovoltaica\u201d.<\/li>\n<\/ul>\n<ul>\n<li>2002: Micah Etan Ort\u00fazar Dworsky, \u201cDise\u00f1o y Construcci\u00f3n de Conversor DC-DC Para Control de Ultracapacitores en Veh\u00edculo El\u00e9ctrico\u201d.<\/li>\n<\/ul>\n<ul>\n<li>2002: Daniel Alejandro Soto Enrich, \u201cAumento de la Eficiencia Energ\u00e9tica en un Veh\u00edculo El\u00e9ctrico, Utilizando Celdas Fotovoltaicas\u201d.<\/li>\n<\/ul>\n<ul>\n<li>2001: Raul Tejeda, \u201cDise\u00f1o e Implementaci\u00f3n de Instrumentaci\u00f3n Digital para Vehiculo El\u00e9ctrico\u201d.<\/li>\n<\/ul>\n<ul>\n<li>2000: Alex Gildemeister Burgos, \u201cDise\u00f1o y Construcci\u00f3n de una Fuente Conmutada DC-DC Bidireccional\u201d.<\/li>\n<\/ul>\n<ul>\n<li>1999: Mauricio Rotella Macchiavello, \u201cDise\u00f1o Asistido por Computador para la Construcci\u00f3n de un Inversor Compacto de Alta Potencia\u201d.<\/li>\n<\/ul>\n<ul>\n<li>1997: Luis Arancibia, \u201cCeldas de Combustible para Veh\u00edculos El\u00e9ctricos\u201d.<\/li>\n<\/ul>\n<ul>\n<li>1996: Ernesto Orive Morales, \u201cPrograma Computacional para Programaci\u00f3n de Patrones de Modulaci\u00f3n PWM en Memorias EPROM\u201d.<\/li>\n<\/ul>\n<ul>\n<li>1995: Ricardo S\u00e1ez Hansen, \u201cFuente Conmutada en Base a IGBTs con Enlace de Alta Frecuencia\u201d.<\/li>\n<\/ul>\n<ul>\n<li>1995: Luis Ljubetich Villanueva, \u201cM\u00e9todos de Eliminaci\u00f3n de Arm\u00f3nicas en Rectificadores de Potencia\u201d.<\/li>\n<\/ul>\n<ul>\n<li>1995: Sebasti\u00e1n Tepper Naas, \u201cAn\u00e1lisis y Evaluaci\u00f3n de M\u00e9todos de Modulaci\u00f3n para Filtros Activos de Potencia\u201d.<\/li>\n<\/ul>\n<ul>\n<li>1994: Felipe Garc\u00eda, \u201cCaracter\u00edsticas Operativas de un Veh\u00edculo El\u00e9ctrico Experimental\u201d.<\/li>\n<\/ul>\n<ul>\n<li>1993: Andr\u00e9s Charpentier Banfi, \u201cEstudio Te\u00f3rico para la Implementaci\u00f3n de un Troleb\u00fas Alimentado por Inversor Trif\u00e1sico&#8221;.<\/li>\n<\/ul>\n<ul>\n<li>1992: Francisco Javier Ovalle Barros, \u201cControl Vectorial para Motor de Tracci\u00f3n en Base a Procesador Digital de Se\u00f1ales, DSP\u201d.<\/li>\n<\/ul>\n<ul>\n<li>1992: Andr\u00e9s G\u00f3mez Catal\u00e1n, \u201cDise\u00f1o Te\u00f3rico de un Bus El\u00e9ctrico H\u00edbrido con Motores de Imanes Permanentes\u201d.<\/li>\n<\/ul>\n<ul>\n<li>1992: Jos\u00e9 Mauricio Aguirre Vald\u00e9s, \u201cControl de Corriente para Inversor Transistorizado de Veh\u00edculo El\u00e9ctrico\u201d.<\/li>\n<\/ul>\n<ul>\n<li>1992: Jos\u00e9 Miguel Gramsch Labra, \u201cDise\u00f1o, Construcci\u00f3n y Pruebas de un Rectificador Trif\u00e1sico de Alta Corriente\u201d.<\/li>\n<\/ul>\n<ul>\n<li>1991: Jaime Garc\u00eda, \u201cSistema de Control para Filtro Activo de Potencia que Simult\u00e1neamente Compensa Reactivos y Cargas Desbalanceadas\u201d.<\/li>\n<\/ul>\n<ul>\n<li>1991: Iv\u00e1n Moreno Bravo, \u201cDise\u00f1o de Topolog\u00eda, Sistema de Control y Pruebas Experimentales de un Inversor Trif\u00e1sico de Alta Corriente\u201d.<\/li>\n<\/ul>\n<ul>\n<li>1990: Diego Veas Brokering, &#8220;Rectificador Reversible Transistorizado Controlado por Corriente de Carga&#8221;.<\/li>\n<\/ul>\n<ul>\n<li>1981: Victor Gr\u00fcnwald, \u201cSistema de Control Computarizado para Inversor McMurray\u201d<\/li>\n<\/ul>\n<p><a name=\"dixonmasterthesis\"><\/a><\/p>\n<h2><b>M.Sc.<\/b><\/h2>\n<ul>\n<li>2013: Cristi\u00e1n Andr\u00e9s Garc\u00e9s Guajardo, \u201cSensor de Posici\u00f3n Binario para M\u00e1quinas S\u00edncronas Basado en un C\u00f3digo Serial de N-Bits\u201d.<\/li>\n<\/ul>\n<ul>\n<li>2013: Sebasti\u00e1n Andr\u00e9s Bosch Castro, \u201cSistema de Monitoreo Inteligente para Detectar Fallas en Inversor Multinivel\u201d.<\/li>\n<\/ul>\n<ul>\n<li>2013: Hernaldo Enrique Sald\u00edas Molina, \u201cAplicaci\u00f3n de Control Predictivo\u00a0 a Filtro Activo Paralelo Multinivel\u201d.<\/li>\n<\/ul>\n<ul>\n<li>2012: Robert Erich Schacht Wall, \u201cGeneraci\u00f3n Mareomotriz Distribuida en el Sur de Chile\u201d.<\/li>\n<\/ul>\n<ul>\n<li>2011: Lorenzo Eliel Urrutia Parra, \u201cSistema Motor-Inversor \u2018Sensorless\u2019 para el Arranque de Veh\u00edculo H\u00edbrido \u2018Plug-In\u2019\u201d.<\/li>\n<\/ul>\n<ul>\n<li>2010: Pedro Rub\u00e9n Romero Guti\u00e9rrez, \u201cEvaluaci\u00f3n de Alternativas de Generaci\u00f3n Solar y E\u00f3lica, Almacenamiento de Energ\u00eda no Convencional y Huella de Carbono para Estaciones Base en la Industria de las Telecomunicaciones\u201d.<\/li>\n<\/ul>\n<ul>\n<li>2009: Alexander Varschavsky Paez, \u201cDise\u00f1o e Implementaci\u00f3n de un Filtro Activo H\u00edbrido-Serie\u201d.<\/li>\n<\/ul>\n<ul>\n<li>2009: Maximiliano Mura Jornet, \u201cControl de Torque para Motor BLDC de Veh\u00edculo El\u00e9ctrico Impulsado por Ultracapacitores\u201d.<\/li>\n<\/ul>\n<ul>\n<li>2008: Patricio Armando Flores Lara, \u201cCompensador Est\u00e1tico de Reactivos y Filtro Activo con Capacidad de Generaci\u00f3n de Potencia Activa, Utilizando Inversor Multietapa de 27 Niveles y Paneles Fotovoltaicos\u201d.<\/li>\n<\/ul>\n<ul>\n<li>2008: Estanislao Juan Pablo Echenique Subiabre, \u201cDise\u00f1o de un Nuevo Sistema de Control sin Sensor de Posici\u00f3n Para un Generador de Reluctancia Conmutada, en Aplicaciones de Generaci\u00f3n E\u00f3lica\u201d.<\/li>\n<\/ul>\n<ul>\n<li>2008: Olgierd B. Eysymontt C., \u201cInversor Fuente de Voltaje de Salida Sinusoidal Basado en Chopper y Puente H\u201d.<\/li>\n<\/ul>\n<ul>\n<li>2007: Pablo Barriuso, \u201cFault-Tolerant Reconfiguration System for Asymmetric Multilevel Converters Using Bidirectional Power Switches\u201d.<\/li>\n<\/ul>\n<ul>\n<li>2007: Mauricio Rotella Macchiavello, \u201cPWM Method to Eliminate Power Sources in a Nonredundant 27-Level Inverter for Machine Drive Applications\u201d.<\/li>\n<\/ul>\n<ul>\n<li>2006: Carlos Jorge Maffrand, \u201cGenerador de Potencia Reactiva Controlado Electr\u00f3nicamente\u201d.<\/li>\n<\/ul>\n<ul>\n<li>2006: Carlos Andr\u00e9s Lobos Pinochet, \u201cDise\u00f1o y Construcci\u00f3n de un Prototipo de Generador Fotovoltaico Basado en un Concentrador de Tipo Disco Parab\u00f3lico\u201d.<\/li>\n<\/ul>\n<ul>\n<li>2005: Eduardo Favian Arcos Fuentes, \u201cImplementaci\u00f3n de Sistema de Tracci\u00f3n Para Veh\u00edculo El\u00e9ctrico Basado en Bater\u00eda \u201cZebra\u201d y Ultracapacitores\u201d.<\/li>\n<\/ul>\n<ul>\n<li>2005: Cristian Marcelo Elgueta D\u00edaz, \u201cAplicaci\u00f3n de un Inversor Multinivel como Variador de Frecuencia de un Motor de Inducci\u00f3n Trif\u00e1sico\u201d.<\/li>\n<\/ul>\n<ul>\n<li>2005: Italo Saavedra, \u201cEstimaci\u00f3n de Posici\u00f3n En Motores Brushless DC en el Rango de Muy Bajas Velocidades\u201d.<\/li>\n<\/ul>\n<ul>\n<li>2005: Alberto Z\u00fa\u00f1iga, \u201cAn\u00e1lisis y Evaluaci\u00f3n del Aumento de Autonom\u00eda de un Veh\u00edculo El\u00e9ctrico Utilizando Celdas Fotovoltaicas y MPPT de Alta Tecnolog\u00eda\u201d.<\/li>\n<\/ul>\n<ul>\n<li>2003: Jorge Alejandro Moreno de la Carrera, \u201cControl \u00d3ptimo de la Energ\u00eda en un Veh\u00edculo H\u00edbrido El\u00e9ctrico Empleando Redes Neuronales\u201d.<\/li>\n<\/ul>\n<ul>\n<li>2002: Matias Rodriguez Arnal, \u201cEstimaci\u00f3n de Posici\u00f3n y Control Simplificado de Corriente para Motores BLDC, Usando Tecnolog\u00eda DSP\u201d.<\/li>\n<\/ul>\n<ul>\n<li>2000: Yamile del Valle, \u201cConstrucci\u00f3n de un Compensador Binario Tiristorizado e Interconexi\u00f3n con un Filtro Activo Paralelo para la Compensaci\u00f3n de Cargas Trif\u00e1sicas Contaminantes\u201d.<\/li>\n<\/ul>\n<ul>\n<li>2000: Marcos Orchard, \u201cSistema de Control para un Compensador Trif\u00e1sico de Reactivos y Balanceador de Cargas Contaminantes\u201d.<\/li>\n<\/ul>\n<ul>\n<li>1999: Ivan Leal, \u201cCurrent Control Strategy for Brushless DC Motors Based On a Common DC Signal\u201d.<\/li>\n<\/ul>\n<ul>\n<li>1997: Jos\u00e9 Manuel Contardo Kurth, \u201cFiltro Activo Paralelo con Control Difuso en la Barra Continua\u201d.<\/li>\n<\/ul>\n<ul>\n<li>1996: Gustavo Adolfo Venegas, \u201cA Series Active Power Filter Based on a Sinusoidal Current-Controlled Voltage-Source Inverter\u201d.<\/li>\n<\/ul>\n<ul>\n<li>1995: Jos\u00e9 Rivarola Oneto, \u201cMedici\u00f3n de Velocidad de Motores de Inducci\u00f3n por M\u00e9todo No Invasivo\u201d.<\/li>\n<\/ul>\n<ul>\n<li>1994: Ricardo S\u00e1ez Hansen, \u201cFuente Conmutada de Alta Frecuencia Basada en Topolog\u00eda McMurray Modificada\u201d.<\/li>\n<\/ul>\n<p><a name=\"dixonphdthesis\"><\/a><\/p>\n<h2><b>Ph.D.<\/b><\/h2>\n<ul>\n<li>2013: Javier Eduardo Pereda Torres, \u201cNuevas Topolog\u00edas de Conversores Multinivel en Cascada\u201d.<\/li>\n<\/ul>\n<ul>\n<li>2005: Micah Etan Ort\u00fazar Dworsky, \u201cDesign, Implementation and Evaluation of an Auxiliary Energy System for Electric Vehicles, base on Ultracapacitors and Buck-Boost Converters\u201d.<\/li>\n<\/ul>\n<p><a name=\"dixonotheruesthesis\"><\/a><\/p>\n<h2><b>Supervision of Students from Other Universities<\/b><\/h2>\n<ul>\n<li>2009: F\u00e9lix Eduardo Rojas Lobos, \u201cDise\u00f1o, Implementaci\u00f3n y Construcci\u00f3n de un Inversor Multinivel para el Accionamiento de un Brazo Robotizado, Mediante un Motor Brushless\u201d. Master Thesis from Universidad de Santiago.<\/li>\n<\/ul>\n<ul>\n<li>2009: \u00cd\u00f1igo Lara Arzibu y Lorenzo Villanueva Guti\u00e9rrez, \u201cImplementaci\u00f3n de un Sistema Fotovoltaico en un Veh\u00edculo El\u00e9ctrico para Carga de Batrer\u00edas\u201d.\u00a0Paper, Technical Engineer of Universidad de Navarra.<\/li>\n<\/ul>\n<ul>\n<li>2007: Farid Zeraibi Larrea, \u201cDise\u00f1o y Construcci\u00f3n de un Inversor de 27 Niveles para Nuevo Sistema de Modulaci\u00f3n\u201d.\u00a0Paper, Technical Engineer of Universidad de Navarra.<\/li>\n<\/ul>\n<ul>\n<li>2007: Gerardo P\u00e9rez Campion, \u201cEnerg\u00eda Solar Termoel\u00e9ctrica\u201d.\u00a0Paper, Technical Engineer of Universidad de Navarra.<\/li>\n<\/ul>\n<ul>\n<li>2005: Oscar Elizalde Amatriain, \u201cGeneraci\u00f3n E\u00f3lica. Operaci\u00f3n a Nivel Mundial y Estado Actual de la Tecnolog\u00eda\u201d. Paper, Technical Engineer of Universidad de Navarra.<\/li>\n<\/ul>\n","protected":false},"excerpt":{"rendered":"<p>DR. JUAN DIXON Professional 2009: Javier Eduardo Pereda Torres, \u201cControl \u00d3ptimo de Motores As\u00edncronos pata Tracci\u00f3n y Gran Miner\u00eda, Mediante Nuevos M\u00e9todos de Conversi\u00f3n de Energ\u00eda\u201d. 2008: Felipe Andres Escobar Tapia, \u201cGeneraci\u00f3n E\u00f3lica: Principales Aspectos Asociados al Impacto de Central Canela, Primer Parque E\u00f3lico Conectado al SIC-Chile\u201d. 2006: Rodrigo Eduardo Carmi Lahsen, \u201cSistema de Control [&hellip;]<\/p>\n","protected":false},"author":2,"featured_media":0,"parent":160,"menu_order":0,"comment_status":"closed","ping_status":"closed","template":"page-templates\/full-width.php","meta":{"footnotes":""},"class_list":["post-349","page","type-page","status-publish","hentry"],"_links":{"self":[{"href":"https:\/\/peclab.ing.uc.cl\/index.php?rest_route=\/wp\/v2\/pages\/349","targetHints":{"allow":["GET"]}}],"collection":[{"href":"https:\/\/peclab.ing.uc.cl\/index.php?rest_route=\/wp\/v2\/pages"}],"about":[{"href":"https:\/\/peclab.ing.uc.cl\/index.php?rest_route=\/wp\/v2\/types\/page"}],"author":[{"embeddable":true,"href":"https:\/\/peclab.ing.uc.cl\/index.php?rest_route=\/wp\/v2\/users\/2"}],"replies":[{"embeddable":true,"href":"https:\/\/peclab.ing.uc.cl\/index.php?rest_route=%2Fwp%2Fv2%2Fcomments&post=349"}],"version-history":[{"count":14,"href":"https:\/\/peclab.ing.uc.cl\/index.php?rest_route=\/wp\/v2\/pages\/349\/revisions"}],"predecessor-version":[{"id":1024,"href":"https:\/\/peclab.ing.uc.cl\/index.php?rest_route=\/wp\/v2\/pages\/349\/revisions\/1024"}],"up":[{"embeddable":true,"href":"https:\/\/peclab.ing.uc.cl\/index.php?rest_route=\/wp\/v2\/pages\/160"}],"wp:attachment":[{"href":"https:\/\/peclab.ing.uc.cl\/index.php?rest_route=%2Fwp%2Fv2%2Fmedia&parent=349"}],"curies":[{"name":"wp","href":"https:\/\/api.w.org\/{rel}","templated":true}]}}